{"id":7381,"date":"2023-04-13T10:26:04","date_gmt":"2023-04-13T08:26:04","guid":{"rendered":"https:\/\/www.hotelburgevin.fr\/zimmer\/superior-zimmer\/"},"modified":"2023-06-30T13:47:47","modified_gmt":"2023-06-30T11:47:47","slug":"superior-zimmer","status":"publish","type":"page","link":"https:\/\/www.hotelburgevin.fr\/de\/unsere-zimmer\/superior-zimmer\/","title":{"rendered":"Superior Zimmer"},"content":{"rendered":"\t\t<div data-elementor-type=\"wp-page\" data-elementor-id=\"7381\" class=\"elementor elementor-7381 elementor-698\" data-elementor-post-type=\"page\">\n\t\t\t\t<div class=\"elementor-element elementor-element-6331cdd e-flex e-con-boxed e-con e-parent\" data-id=\"6331cdd\" data-element_type=\"container\" data-settings=\"{&quot;background_background&quot;:&quot;classic&quot;,&quot;background_motion_fx_motion_fx_mouse&quot;:&quot;yes&quot;,&quot;background_motion_fx_mouseTrack_effect&quot;:&quot;yes&quot;,&quot;background_motion_fx_mouseTrack_speed&quot;:{&quot;unit&quot;:&quot;px&quot;,&quot;size&quot;:1,&quot;sizes&quot;:[]}}\">\n\t\t\t\t\t<div class=\"e-con-inner\">\n\t\t\t\t<div class=\"elementor-element elementor-element-a88148d elementor-widget elementor-widget-heading\" data-id=\"a88148d\" data-element_type=\"widget\" data-widget_type=\"heading.default\">\n\t\t\t\t<div class=\"elementor-widget-container\">\n\t\t\t\t\t<h1 class=\"elementor-heading-title elementor-size-default\">Superior Zimmer<\/h1>\t\t\t\t<\/div>\n\t\t\t\t<\/div>\n\t\t\t\t\t<\/div>\n\t\t\t\t<\/div>\n\t\t<div class=\"elementor-element elementor-element-a80e455 e-con-full e-flex e-con e-parent\" data-id=\"a80e455\" data-element_type=\"container\">\n\t\t<div class=\"elementor-element elementor-element-91688a1 e-con-full e-flex e-con e-parent\" data-id=\"91688a1\" data-element_type=\"container\" data-settings=\"{&quot;background_background&quot;:&quot;classic&quot;}\">\n\t\t<div class=\"elementor-element elementor-element-2643483 e-flex e-con-boxed e-con e-parent\" data-id=\"2643483\" data-element_type=\"container\">\n\t\t\t\t\t<div class=\"e-con-inner\">\n\t\t\t\t<div class=\"elementor-element elementor-element-029e176 elementor-widget__width-initial elementor-widget elementor-widget-image\" data-id=\"029e176\" data-element_type=\"widget\" data-widget_type=\"image.default\">\n\t\t\t\t<div class=\"elementor-widget-container\">\n\t\t\t\t\t\t\t\t\t\t\t\t\t\t\t<img fetchpriority=\"high\" decoding=\"async\" width=\"256\" height=\"256\" src=\"https:\/\/www.hotelburgevin.fr\/wp-content\/uploads\/2023\/04\/burgevin.png\" class=\"attachment-large size-large wp-image-6695\" alt=\"\" srcset=\"https:\/\/www.hotelburgevin.fr\/wp-content\/uploads\/2023\/04\/burgevin.png 256w, https:\/\/www.hotelburgevin.fr\/wp-content\/uploads\/2023\/04\/burgevin-150x150.png 150w\" sizes=\"(max-width: 256px) 100vw, 256px\" \/>\t\t\t\t\t\t\t\t\t\t\t\t\t\t\t<\/div>\n\t\t\t\t<\/div>\n\t\t<div class=\"elementor-element elementor-element-304dd42 e-flex e-con-boxed e-con e-parent\" data-id=\"304dd42\" data-element_type=\"container\">\n\t\t\t\t\t<div class=\"e-con-inner\">\n\t\t\t\t<div class=\"elementor-element elementor-element-7171fe8 elementor-widget elementor-widget-heading\" data-id=\"7171fe8\" data-element_type=\"widget\" data-widget_type=\"heading.default\">\n\t\t\t\t<div class=\"elementor-widget-container\">\n\t\t\t\t\t<span class=\"elementor-heading-title elementor-size-default\">ab<\/span>\t\t\t\t<\/div>\n\t\t\t\t<\/div>\n\t\t\t\t<div class=\"elementor-element elementor-element-e1ac034 elementor-widget elementor-widget-heading\" data-id=\"e1ac034\" data-element_type=\"widget\" data-widget_type=\"heading.default\">\n\t\t\t\t<div class=\"elementor-widget-container\">\n\t\t\t\t\t<span class=\"elementor-heading-title elementor-size-default\">125\u20ac<\/span>\t\t\t\t<\/div>\n\t\t\t\t<\/div>\n\t\t\t\t<div class=\"elementor-element elementor-element-90e13c0 elementor-align-center elementor-widget elementor-widget-button\" data-id=\"90e13c0\" data-element_type=\"widget\" data-widget_type=\"button.default\">\n\t\t\t\t<div class=\"elementor-widget-container\">\n\t\t\t\t\t\t\t\t\t<div class=\"elementor-button-wrapper\">\n\t\t\t\t\t<a class=\"elementor-button elementor-button-link elementor-size-sm\" href=\"https:\/\/hotel.reservit.com\/reservit\/reserhotel.php?hotelid=3408&#038;lang=DE\">\n\t\t\t\t\t\t<span class=\"elementor-button-content-wrapper\">\n\t\t\t\t\t\t\t\t\t<span class=\"elementor-button-text\">Buchen<\/span>\n\t\t\t\t\t<\/span>\n\t\t\t\t\t<\/a>\n\t\t\t\t<\/div>\n\t\t\t\t\t\t\t\t<\/div>\n\t\t\t\t<\/div>\n\t\t\t\t\t<\/div>\n\t\t\t\t<\/div>\n\t\t\t\t\t<\/div>\n\t\t\t\t<\/div>\n\t\t\t\t<\/div>\n\t\t<div class=\"elementor-element elementor-element-81b5953 e-con-full e-flex e-con e-parent\" data-id=\"81b5953\" data-element_type=\"container\" data-settings=\"{&quot;background_background&quot;:&quot;classic&quot;}\">\n\t\t<div class=\"elementor-element elementor-element-d982416 e-flex e-con-boxed e-con e-parent\" data-id=\"d982416\" data-element_type=\"container\">\n\t\t\t\t\t<div class=\"e-con-inner\">\n\t\t\t\t<div class=\"elementor-element elementor-element-279282f elementor-widget elementor-widget-heading\" data-id=\"279282f\" data-element_type=\"widget\" data-widget_type=\"heading.default\">\n\t\t\t\t<div class=\"elementor-widget-container\">\n\t\t\t\t\t<h2 class=\"elementor-heading-title elementor-size-default\">Ausstattung im Zimmer<\/h2>\t\t\t\t<\/div>\n\t\t\t\t<\/div>\n\t\t\t\t<div class=\"elementor-element elementor-element-43c6337 elementor-widget elementor-widget-text-editor\" data-id=\"43c6337\" data-element_type=\"widget\" data-widget_type=\"text-editor.default\">\n\t\t\t\t<div class=\"elementor-widget-container\">\n\t\t\t\t\t\t\t\t\t<p>Die Superior-Zimmer sind ca. 25 m\u00b2 gro\u00df und verf\u00fcgen \u00fcber einen Flachbildfernseher, eine Minibar, einen Safe und einen begehbaren Kleiderschrank, in dem Sie all Ihre Sachen verstauen k\u00f6nnen. Au\u00dferdem steht Ihnen ein Schreibtisch zur Verf\u00fcgung, an dem Sie die kostenlose Wi-Fi-Faserverbindung nutzen k\u00f6nnen, um im Internet zu surfen. Ein H\u00f6flichkeitstablett steht ebenfalls bereit, um Ihnen eine entspannte Pause zu garantieren.<\/p>\t\t\t\t\t\t\t\t<\/div>\n\t\t\t\t<\/div>\n\t\t\t\t\t<\/div>\n\t\t\t\t<\/div>\n\t\t<div class=\"elementor-element elementor-element-f0615f2 e-flex e-con-boxed e-con e-parent\" data-id=\"f0615f2\" data-element_type=\"container\">\n\t\t\t\t\t<div class=\"e-con-inner\">\n\t\t\t\t<div class=\"elementor-element elementor-element-ac52e23 elementor-widget elementor-widget-heading\" data-id=\"ac52e23\" data-element_type=\"widget\" data-widget_type=\"heading.default\">\n\t\t\t\t<div class=\"elementor-widget-container\">\n\t\t\t\t\t<h2 class=\"elementor-heading-title elementor-size-default\">Komfort und Platz<\/h2>\t\t\t\t<\/div>\n\t\t\t\t<\/div>\n\t\t\t\t<div class=\"elementor-element elementor-element-cc0dcd2 elementor-widget elementor-widget-text-editor\" data-id=\"cc0dcd2\" data-element_type=\"widget\" data-widget_type=\"text-editor.default\">\n\t\t\t\t<div class=\"elementor-widget-container\">\n\t\t\t\t\t\t\t\t\t<p>Die Superior-Zimmer sind mit Queensize-Bettw\u00e4sche (160 x 200 cm) oder Kingsize-Bettw\u00e4sche (180&#215;200) ausgestattet. Einige Zimmer k\u00f6nnen als getrennte Betten vorbereitet werden (auf Anfrage bis sp\u00e4testens am Vorabend des Anreisetages). Beachten Sie, dass Sie in Begleitung von Kindern unter 2 Jahren ohne Aufpreis ein Zustellbett (in einigen Zimmern und auf Anfrage f\u00fcr 20\u20ac) und\/oder ein Regenschirmbett erhalten k\u00f6nnen (bitte bei der Buchung angeben).<\/p>\n<p>Das eigene Badezimmer besteht aus einer begehbaren Dusche, einem Waschbecken, Sanit\u00e4ranlagen und ist mit Toilettenartikeln und einem Haartrockner ausgestattet. Im Sinne der Abfallvermeidung stehen in den Duschen Gel-\/Dusch-\/Shampoo-Spender zur Verf\u00fcgung.<\/p>\n\t\t\t\t\t\t\t\t<\/div>\n\t\t\t\t<\/div>\n\t\t\t\t\t<\/div>\n\t\t\t\t<\/div>\n\t\t\t\t<\/div>\n\t\t\t\t<\/div>\n\t\t<div class=\"elementor-element elementor-element-b1b557e e-flex e-con-boxed e-con e-parent\" data-id=\"b1b557e\" data-element_type=\"container\">\n\t\t\t\t\t<div class=\"e-con-inner\">\n\t\t\t\t<div class=\"elementor-element elementor-element-ee2409a elementor-widget elementor-widget-heading\" data-id=\"ee2409a\" data-element_type=\"widget\" data-widget_type=\"heading.default\">\n\t\t\t\t<div class=\"elementor-widget-container\">\n\t\t\t\t\t<h2 class=\"elementor-heading-title elementor-size-default\">Weitere Zimmer<\/h2>\t\t\t\t<\/div>\n\t\t\t\t<\/div>\n\t\t\t\t\t<\/div>\n\t\t\t\t<\/div>\n\t\t<div class=\"elementor-element elementor-element-4c2858f e-flex e-con-boxed e-con e-parent\" data-id=\"4c2858f\" data-element_type=\"container\">\n\t\t\t\t\t<div class=\"e-con-inner\">\n\t\t<div class=\"elementor-element elementor-element-c51d60f e-con-full e-flex e-con e-parent\" data-id=\"c51d60f\" data-element_type=\"container\">\n\t\t\t\t<div class=\"elementor-element elementor-element-12fd2b3 elementor-cta--skin-cover elementor-cta--valign-bottom elementor-animated-content elementor-bg-transform elementor-bg-transform-zoom-in elementor-widget elementor-widget-call-to-action\" data-id=\"12fd2b3\" data-element_type=\"widget\" data-widget_type=\"call-to-action.default\">\n\t\t\t\t<div class=\"elementor-widget-container\">\n\t\t\t\t\t\t\t<a class=\"elementor-cta\" href=\"\/de\/zimmer\/standard-zimmer\/\">\n\t\t\t\t\t<div class=\"elementor-cta__bg-wrapper\">\n\t\t\t\t<div class=\"elementor-cta__bg elementor-bg\" style=\"background-image: url(https:\/\/www.hotelburgevin.fr\/wp-content\/uploads\/2023\/04\/chambre-standard-double.jpg);\" role=\"img\" aria-label=\"chambre-standard-double\"><\/div>\n\t\t\t\t<div class=\"elementor-cta__bg-overlay\"><\/div>\n\t\t\t<\/div>\n\t\t\t\t\t\t\t<div class=\"elementor-cta__content\">\n\t\t\t\t\n\t\t\t\t\t\t\t\t\t<h2 class=\"elementor-cta__title elementor-cta__content-item elementor-content-item elementor-animated-item--grow\">\n\t\t\t\t\t\tStandard Zimmer\t\t\t\t\t<\/h2>\n\t\t\t\t\n\t\t\t\t\n\t\t\t\t\t\t\t<\/div>\n\t\t\t\t\t\t<\/a>\n\t\t\t\t\t\t<\/div>\n\t\t\t\t<\/div>\n\t\t\t\t<\/div>\n\t\t<div class=\"elementor-element elementor-element-2f0c300 e-con-full e-flex e-con e-parent\" data-id=\"2f0c300\" data-element_type=\"container\">\n\t\t\t\t<div class=\"elementor-element elementor-element-5564c82 elementor-cta--skin-cover elementor-cta--valign-bottom elementor-animated-content elementor-bg-transform elementor-bg-transform-zoom-in elementor-widget elementor-widget-call-to-action\" data-id=\"5564c82\" data-element_type=\"widget\" data-widget_type=\"call-to-action.default\">\n\t\t\t\t<div class=\"elementor-widget-container\">\n\t\t\t\t\t\t\t<a class=\"elementor-cta\" href=\"\/de\/zimmer\/superior-zimmer-plus\/\">\n\t\t\t\t\t<div class=\"elementor-cta__bg-wrapper\">\n\t\t\t\t<div class=\"elementor-cta__bg elementor-bg\" style=\"background-image: url(https:\/\/www.hotelburgevin.fr\/wp-content\/uploads\/2023\/04\/chambre-superieure-plus.jpg);\" role=\"img\" aria-label=\"chambre-superieure-plus\"><\/div>\n\t\t\t\t<div class=\"elementor-cta__bg-overlay\"><\/div>\n\t\t\t<\/div>\n\t\t\t\t\t\t\t<div class=\"elementor-cta__content\">\n\t\t\t\t\n\t\t\t\t\t\t\t\t\t<h2 class=\"elementor-cta__title elementor-cta__content-item elementor-content-item elementor-animated-item--grow\">\n\t\t\t\t\t\tSuperior Zimmer Plus\t\t\t\t\t<\/h2>\n\t\t\t\t\n\t\t\t\t\n\t\t\t\t\t\t\t<\/div>\n\t\t\t\t\t\t<\/a>\n\t\t\t\t\t\t<\/div>\n\t\t\t\t<\/div>\n\t\t\t\t<\/div>\n\t\t<div class=\"elementor-element elementor-element-4c9d126 e-con-full e-flex e-con e-parent\" data-id=\"4c9d126\" data-element_type=\"container\">\n\t\t\t\t<div class=\"elementor-element elementor-element-ec4d7be elementor-cta--skin-cover elementor-cta--valign-bottom elementor-animated-content elementor-bg-transform elementor-bg-transform-zoom-in elementor-widget elementor-widget-call-to-action\" data-id=\"ec4d7be\" data-element_type=\"widget\" data-widget_type=\"call-to-action.default\">\n\t\t\t\t<div class=\"elementor-widget-container\">\n\t\t\t\t\t\t\t<a class=\"elementor-cta\" href=\"\/de\/zimmer\/junior-suite\/\">\n\t\t\t\t\t<div class=\"elementor-cta__bg-wrapper\">\n\t\t\t\t<div class=\"elementor-cta__bg elementor-bg\" style=\"background-image: url(https:\/\/www.hotelburgevin.fr\/wp-content\/uploads\/2023\/04\/junior-suite.jpg);\" role=\"img\" aria-label=\"junior-suite\"><\/div>\n\t\t\t\t<div class=\"elementor-cta__bg-overlay\"><\/div>\n\t\t\t<\/div>\n\t\t\t\t\t\t\t<div class=\"elementor-cta__content\">\n\t\t\t\t\n\t\t\t\t\t\t\t\t\t<h2 class=\"elementor-cta__title elementor-cta__content-item elementor-content-item elementor-animated-item--grow\">\n\t\t\t\t\t\tJunior Suite\t\t\t\t\t<\/h2>\n\t\t\t\t\n\t\t\t\t\n\t\t\t\t\t\t\t<\/div>\n\t\t\t\t\t\t<\/a>\n\t\t\t\t\t\t<\/div>\n\t\t\t\t<\/div>\n\t\t\t\t<\/div>\n\t\t\t\t\t<\/div>\n\t\t\t\t<\/div>\n\t\t\t\t<\/div>\n\t\t","protected":false},"excerpt":{"rendered":"<p>Superior Zimmer ab 125\u20ac Buchen Ausstattung im Zimmer Die Superior-Zimmer sind ca. 25 m\u00b2 gro\u00df und verf\u00fcgen \u00fcber einen Flachbildfernseher, eine Minibar, einen Safe und einen begehbaren Kleiderschrank, in dem Sie all Ihre Sachen verstauen k\u00f6nnen. Au\u00dferdem steht Ihnen ein Schreibtisch zur Verf\u00fcgung, an dem Sie die kostenlose Wi-Fi-Faserverbindung nutzen k\u00f6nnen, um im Internet zu [&hellip;]<\/p>\n","protected":false},"author":1,"featured_media":0,"parent":7377,"menu_order":0,"comment_status":"closed","ping_status":"closed","template":"elementor_header_footer","meta":{"_seopress_robots_primary_cat":"","_seopress_titles_title":"","_seopress_titles_desc":"","_seopress_robots_index":"","footnotes":""},"class_list":["post-7381","page","type-page","status-publish","hentry"],"_links":{"self":[{"href":"https:\/\/www.hotelburgevin.fr\/de\/wp-json\/wp\/v2\/pages\/7381","targetHints":{"allow":["GET"]}}],"collection":[{"href":"https:\/\/www.hotelburgevin.fr\/de\/wp-json\/wp\/v2\/pages"}],"about":[{"href":"https:\/\/www.hotelburgevin.fr\/de\/wp-json\/wp\/v2\/types\/page"}],"author":[{"embeddable":true,"href":"https:\/\/www.hotelburgevin.fr\/de\/wp-json\/wp\/v2\/users\/1"}],"replies":[{"embeddable":true,"href":"https:\/\/www.hotelburgevin.fr\/de\/wp-json\/wp\/v2\/comments?post=7381"}],"version-history":[{"count":7,"href":"https:\/\/www.hotelburgevin.fr\/de\/wp-json\/wp\/v2\/pages\/7381\/revisions"}],"predecessor-version":[{"id":8390,"href":"https:\/\/www.hotelburgevin.fr\/de\/wp-json\/wp\/v2\/pages\/7381\/revisions\/8390"}],"up":[{"embeddable":true,"href":"https:\/\/www.hotelburgevin.fr\/de\/wp-json\/wp\/v2\/pages\/7377"}],"wp:attachment":[{"href":"https:\/\/www.hotelburgevin.fr\/de\/wp-json\/wp\/v2\/media?parent=7381"}],"curies":[{"name":"wp","href":"https:\/\/api.w.org\/{rel}","templated":true}]}}