{"id":7385,"date":"2023-04-14T10:18:07","date_gmt":"2023-04-14T08:18:07","guid":{"rendered":"https:\/\/www.hotelburgevin.fr\/zimmer\/junior-suite\/"},"modified":"2023-06-30T13:49:59","modified_gmt":"2023-06-30T11:49:59","slug":"junior-suite","status":"publish","type":"page","link":"https:\/\/www.hotelburgevin.fr\/de\/unsere-zimmer\/junior-suite\/","title":{"rendered":"Junior Suite"},"content":{"rendered":"\t\t<div data-elementor-type=\"wp-page\" data-elementor-id=\"7385\" class=\"elementor elementor-7385 elementor-745\" data-elementor-post-type=\"page\">\n\t\t\t\t<div class=\"elementor-element elementor-element-6331cdd e-flex e-con-boxed e-con e-parent\" data-id=\"6331cdd\" data-element_type=\"container\" data-settings=\"{&quot;background_background&quot;:&quot;classic&quot;,&quot;background_motion_fx_motion_fx_mouse&quot;:&quot;yes&quot;,&quot;background_motion_fx_mouseTrack_effect&quot;:&quot;yes&quot;,&quot;background_motion_fx_mouseTrack_speed&quot;:{&quot;unit&quot;:&quot;px&quot;,&quot;size&quot;:1,&quot;sizes&quot;:[]}}\">\n\t\t\t\t\t<div class=\"e-con-inner\">\n\t\t\t\t<div class=\"elementor-element elementor-element-a88148d elementor-widget elementor-widget-heading\" data-id=\"a88148d\" data-element_type=\"widget\" data-widget_type=\"heading.default\">\n\t\t\t\t<div class=\"elementor-widget-container\">\n\t\t\t\t\t<h1 class=\"elementor-heading-title elementor-size-default\">Junior Suite<\/h1>\t\t\t\t<\/div>\n\t\t\t\t<\/div>\n\t\t\t\t\t<\/div>\n\t\t\t\t<\/div>\n\t\t<div class=\"elementor-element elementor-element-c823f89 e-con-full e-flex e-con e-parent\" data-id=\"c823f89\" data-element_type=\"container\">\n\t\t<div class=\"elementor-element elementor-element-a0e5ffb e-con-full e-flex e-con e-parent\" data-id=\"a0e5ffb\" data-element_type=\"container\" data-settings=\"{&quot;background_background&quot;:&quot;classic&quot;}\">\n\t\t<div class=\"elementor-element elementor-element-2665b89 e-flex e-con-boxed e-con e-parent\" data-id=\"2665b89\" data-element_type=\"container\">\n\t\t\t\t\t<div class=\"e-con-inner\">\n\t\t\t\t<div class=\"elementor-element elementor-element-5a12dbb elementor-widget__width-initial elementor-widget elementor-widget-image\" data-id=\"5a12dbb\" data-element_type=\"widget\" data-widget_type=\"image.default\">\n\t\t\t\t<div class=\"elementor-widget-container\">\n\t\t\t\t\t\t\t\t\t\t\t\t\t\t\t<img fetchpriority=\"high\" decoding=\"async\" width=\"256\" height=\"256\" src=\"https:\/\/www.hotelburgevin.fr\/wp-content\/uploads\/2023\/04\/burgevin.png\" class=\"attachment-large size-large wp-image-6695\" alt=\"\" srcset=\"https:\/\/www.hotelburgevin.fr\/wp-content\/uploads\/2023\/04\/burgevin.png 256w, https:\/\/www.hotelburgevin.fr\/wp-content\/uploads\/2023\/04\/burgevin-150x150.png 150w\" sizes=\"(max-width: 256px) 100vw, 256px\" \/>\t\t\t\t\t\t\t\t\t\t\t\t\t\t\t<\/div>\n\t\t\t\t<\/div>\n\t\t<div class=\"elementor-element elementor-element-7c68100 e-flex e-con-boxed e-con e-parent\" data-id=\"7c68100\" data-element_type=\"container\">\n\t\t\t\t\t<div class=\"e-con-inner\">\n\t\t\t\t<div class=\"elementor-element elementor-element-69de6e9 elementor-widget elementor-widget-heading\" data-id=\"69de6e9\" data-element_type=\"widget\" data-widget_type=\"heading.default\">\n\t\t\t\t<div class=\"elementor-widget-container\">\n\t\t\t\t\t<span class=\"elementor-heading-title elementor-size-default\">ab<\/span>\t\t\t\t<\/div>\n\t\t\t\t<\/div>\n\t\t\t\t<div class=\"elementor-element elementor-element-92be950 elementor-widget elementor-widget-heading\" data-id=\"92be950\" data-element_type=\"widget\" data-widget_type=\"heading.default\">\n\t\t\t\t<div class=\"elementor-widget-container\">\n\t\t\t\t\t<span class=\"elementor-heading-title elementor-size-default\">165\u20ac<\/span>\t\t\t\t<\/div>\n\t\t\t\t<\/div>\n\t\t\t\t<div class=\"elementor-element elementor-element-b5dd429 elementor-align-center elementor-widget elementor-widget-button\" data-id=\"b5dd429\" data-element_type=\"widget\" data-widget_type=\"button.default\">\n\t\t\t\t<div class=\"elementor-widget-container\">\n\t\t\t\t\t\t\t\t\t<div class=\"elementor-button-wrapper\">\n\t\t\t\t\t<a class=\"elementor-button elementor-button-link elementor-size-sm\" href=\"https:\/\/hotel.reservit.com\/reservit\/reserhotel.php?hotelid=3408&#038;lang=DE\">\n\t\t\t\t\t\t<span class=\"elementor-button-content-wrapper\">\n\t\t\t\t\t\t\t\t\t<span class=\"elementor-button-text\">Buchen<\/span>\n\t\t\t\t\t<\/span>\n\t\t\t\t\t<\/a>\n\t\t\t\t<\/div>\n\t\t\t\t\t\t\t\t<\/div>\n\t\t\t\t<\/div>\n\t\t\t\t\t<\/div>\n\t\t\t\t<\/div>\n\t\t\t\t\t<\/div>\n\t\t\t\t<\/div>\n\t\t\t\t<\/div>\n\t\t<div class=\"elementor-element elementor-element-0d2e39a e-con-full e-flex e-con e-parent\" data-id=\"0d2e39a\" data-element_type=\"container\" data-settings=\"{&quot;background_background&quot;:&quot;classic&quot;}\">\n\t\t<div class=\"elementor-element elementor-element-1941567 e-flex e-con-boxed e-con e-parent\" data-id=\"1941567\" data-element_type=\"container\">\n\t\t\t\t\t<div class=\"e-con-inner\">\n\t\t\t\t<div class=\"elementor-element elementor-element-bcd63b5 elementor-widget elementor-widget-heading\" data-id=\"bcd63b5\" data-element_type=\"widget\" data-widget_type=\"heading.default\">\n\t\t\t\t<div class=\"elementor-widget-container\">\n\t\t\t\t\t<h2 class=\"elementor-heading-title elementor-size-default\">Ausstattung im Zimmer<\/h2>\t\t\t\t<\/div>\n\t\t\t\t<\/div>\n\t\t\t\t<div class=\"elementor-element elementor-element-a6e4400 elementor-widget elementor-widget-text-editor\" data-id=\"a6e4400\" data-element_type=\"widget\" data-widget_type=\"text-editor.default\">\n\t\t\t\t<div class=\"elementor-widget-container\">\n\t\t\t\t\t\t\t\t\t<p>Egal, ob Sie einen langen oder kurzen Aufenthalt planen, Touristen oder Gesch\u00e4ftsreisende, unsere Junior Suiten sind immer bereit, Sie f\u00fcr einen Ausflug zu zweit, eine Radtour zu dritt oder auch ein Familienwochenende zu viert zu empfangen. Die Einrichtung verf\u00fcgt \u00fcber zwei Junior-Suiten. Sie sind 33 bis 35 m\u00b2 gro\u00df und bestehen aus :<\/p>\n<p>F\u00fcr eine von einem einzigen Raum mit einem Kingsize-Bett (180&#215;200 cm), Sesseln, einem Schlafsofa (140x200cm), sowie einem eigenen Badezimmer.<\/p>\n<p>F\u00fcr die zweite, ein Bereich mit Schlafzimmer mit Kingsize-Bett (180&#215;200 cm) und angrenzendem Wohnzimmer, das durch eine T\u00fcr mit Schlafsofa (140x200cm) abgetrennt ist. Um Ruhe zu gew\u00e4hrleisten, haben wir in jedem Zimmer zur Stra\u00dfe hin zwei aufeinanderfolgende Fenster mit Doppelverglasung eingebaut.<\/p>\n\t\t\t\t\t\t\t\t<\/div>\n\t\t\t\t<\/div>\n\t\t\t\t\t<\/div>\n\t\t\t\t<\/div>\n\t\t<div class=\"elementor-element elementor-element-77eac6d e-flex e-con-boxed e-con e-parent\" data-id=\"77eac6d\" data-element_type=\"container\">\n\t\t\t\t\t<div class=\"e-con-inner\">\n\t\t\t\t<div class=\"elementor-element elementor-element-df50e81 elementor-widget elementor-widget-heading\" data-id=\"df50e81\" data-element_type=\"widget\" data-widget_type=\"heading.default\">\n\t\t\t\t<div class=\"elementor-widget-container\">\n\t\t\t\t\t<h2 class=\"elementor-heading-title elementor-size-default\">Platz und Komfort<\/h2>\t\t\t\t<\/div>\n\t\t\t\t<\/div>\n\t\t\t\t<div class=\"elementor-element elementor-element-b0e33a3 elementor-widget elementor-widget-text-editor\" data-id=\"b0e33a3\" data-element_type=\"widget\" data-widget_type=\"text-editor.default\">\n\t\t\t\t<div class=\"elementor-widget-container\">\n\t\t\t\t\t\t\t\t\t<p>Das Zimmer ist geschmackvoll eingerichtet und bietet Ihnen allen Komfort. Es ist mit einem Doppelbett ausgestattet. Dank des begehbaren Kleiderschranks k\u00f6nnen Sie all Ihre Kleider und Accessoires mit Leichtigkeit aufbewahren. Der mit einem Schlafsofa (140x200cm) ausgestattete Bereich bietet Platz f\u00fcr Ihre Kinder, Flachbildfernseher (zwei Fernseher bei der Suite mit separatem Bereich), Minibar und ein H\u00f6flichkeitstablett sorgen f\u00fcr den n\u00f6tigen Komfort, um eine wohlverdiente Entspannungspause einzulegen. Diese Unterk\u00fcnfte verf\u00fcgen \u00fcber einen Arbeitsbereich mit Highspeed-Wi-Fi.<\/p>\t\t\t\t\t\t\t\t<\/div>\n\t\t\t\t<\/div>\n\t\t\t\t\t<\/div>\n\t\t\t\t<\/div>\n\t\t\t\t<\/div>\n\t\t\t\t<\/div>\n\t\t<div class=\"elementor-element elementor-element-7239244 e-con-full e-flex e-con e-parent\" data-id=\"7239244\" data-element_type=\"container\">\n\t\t<div class=\"elementor-element elementor-element-534d9ca e-con-full e-flex e-con e-parent\" data-id=\"534d9ca\" data-element_type=\"container\" data-settings=\"{&quot;background_background&quot;:&quot;classic&quot;}\">\n\t\t<div class=\"elementor-element elementor-element-0469632 e-flex e-con-boxed e-con e-parent\" data-id=\"0469632\" data-element_type=\"container\">\n\t\t\t\t\t<div class=\"e-con-inner\">\n\t\t\t\t<div class=\"elementor-element elementor-element-24d890e elementor-widget elementor-widget-heading\" data-id=\"24d890e\" data-element_type=\"widget\" data-widget_type=\"heading.default\">\n\t\t\t\t<div class=\"elementor-widget-container\">\n\t\t\t\t\t<h2 class=\"elementor-heading-title elementor-size-default\">Das Badezimmer<\/h2>\t\t\t\t<\/div>\n\t\t\t\t<\/div>\n\t\t<div class=\"elementor-element elementor-element-12758d5 e-con-full e-flex e-con e-parent\" data-id=\"12758d5\" data-element_type=\"container\">\n\t\t\t\t<div class=\"elementor-element elementor-element-12c65e7 elementor-widget elementor-widget-spacer\" data-id=\"12c65e7\" data-element_type=\"widget\" data-widget_type=\"spacer.default\">\n\t\t\t\t<div class=\"elementor-widget-container\">\n\t\t\t\t\t\t\t<div class=\"elementor-spacer\">\n\t\t\t<div class=\"elementor-spacer-inner\"><\/div>\n\t\t<\/div>\n\t\t\t\t\t\t<\/div>\n\t\t\t\t<\/div>\n\t\t\t\t<\/div>\n\t\t\t\t<div class=\"elementor-element elementor-element-471424c elementor-widget elementor-widget-text-editor\" data-id=\"471424c\" data-element_type=\"widget\" data-widget_type=\"text-editor.default\">\n\t\t\t\t<div class=\"elementor-widget-container\">\n\t\t\t\t\t\t\t\t\t<p>Das ger\u00e4umige Badezimmer ist mit Sanit\u00e4ranlagen, einer begehbaren Dusche, einem Haartrockner sowie Toilettenartikeln ausgestattet.Im Sinne der Abfallvermeidung finden Sie in den Duschen Spender f\u00fcr Duschgel\/Shampoo.<\/p>\n\t\t\t\t\t\t\t\t<\/div>\n\t\t\t\t<\/div>\n\t\t\t\t\t<\/div>\n\t\t\t\t<\/div>\n\t\t\t\t<\/div>\n\t\t<div class=\"elementor-element elementor-element-f93d302 e-con-full e-flex e-con e-parent\" data-id=\"f93d302\" data-element_type=\"container\" data-settings=\"{&quot;background_background&quot;:&quot;classic&quot;}\">\n\t\t\t\t<div class=\"elementor-element elementor-element-b212864 elementor-arrows-position-inside elementor-widget elementor-widget-image-carousel\" data-id=\"b212864\" data-element_type=\"widget\" data-settings=\"{&quot;slides_to_show&quot;:&quot;1&quot;,&quot;navigation&quot;:&quot;arrows&quot;,&quot;lazyload&quot;:&quot;yes&quot;,&quot;autoplay&quot;:&quot;yes&quot;,&quot;pause_on_hover&quot;:&quot;yes&quot;,&quot;pause_on_interaction&quot;:&quot;yes&quot;,&quot;autoplay_speed&quot;:5000,&quot;infinite&quot;:&quot;yes&quot;,&quot;effect&quot;:&quot;slide&quot;,&quot;speed&quot;:500}\" data-widget_type=\"image-carousel.default\">\n\t\t\t\t<div class=\"elementor-widget-container\">\n\t\t\t\t\t\t\t<div class=\"elementor-image-carousel-wrapper swiper\" role=\"region\" aria-roledescription=\"carousel\" aria-label=\"Image Carousel\" dir=\"ltr\">\n\t\t\t<div class=\"elementor-image-carousel swiper-wrapper\" aria-live=\"off\">\n\t\t\t\t\t\t\t\t<div class=\"swiper-slide\" role=\"group\" aria-roledescription=\"slide\" aria-label=\"1 of 3\"><figure class=\"swiper-slide-inner\"><img class=\"swiper-slide-image swiper-lazy\" data-src=\"https:\/\/www.hotelburgevin.fr\/wp-content\/uploads\/elementor\/thumbs\/junior-suite-burgevin-2-q50055q8y006ayqir1w8isv8llfoqam9f4u397tdga.jpeg\" alt=\"junior-suite-burgevin-2\" \/><div class=\"swiper-lazy-preloader\"><\/div><\/figure><\/div><div class=\"swiper-slide\" role=\"group\" aria-roledescription=\"slide\" aria-label=\"2 of 3\"><figure class=\"swiper-slide-inner\"><img class=\"swiper-slide-image swiper-lazy\" data-src=\"https:\/\/www.hotelburgevin.fr\/wp-content\/uploads\/elementor\/thumbs\/salon-2-q5knniu1en50ml3kzgl5gwihebfmxo87sc3g4327a2.jpg\" alt=\"salon-2\" \/><div class=\"swiper-lazy-preloader\"><\/div><\/figure><\/div><div class=\"swiper-slide\" role=\"group\" aria-roledescription=\"slide\" aria-label=\"3 of 3\"><figure class=\"swiper-slide-inner\"><img class=\"swiper-slide-image swiper-lazy\" data-src=\"https:\/\/www.hotelburgevin.fr\/wp-content\/uploads\/elementor\/thumbs\/junior-suite-burgevin-1-q50058jrii419smfal448a5mdr1sddxgfisjp1p6xm.jpeg\" alt=\"junior-suite-burgevin-1\" \/><div class=\"swiper-lazy-preloader\"><\/div><\/figure><\/div>\t\t\t<\/div>\n\t\t\t\t\t\t\t\t\t\t\t\t<div class=\"elementor-swiper-button elementor-swiper-button-prev\" role=\"button\" tabindex=\"0\">\n\t\t\t\t\t\t<svg aria-hidden=\"true\" class=\"e-font-icon-svg e-eicon-chevron-left\" viewBox=\"0 0 1000 1000\" xmlns=\"http:\/\/www.w3.org\/2000\/svg\"><path d=\"M646 125C629 125 613 133 604 142L308 442C296 454 292 471 292 487 292 504 296 521 308 533L604 854C617 867 629 875 646 875 663 875 679 871 692 858 704 846 713 829 713 812 713 796 708 779 692 767L438 487 692 225C700 217 708 204 708 187 708 171 704 154 692 142 675 129 663 125 646 125Z\"><\/path><\/svg>\t\t\t\t\t<\/div>\n\t\t\t\t\t<div class=\"elementor-swiper-button elementor-swiper-button-next\" role=\"button\" tabindex=\"0\">\n\t\t\t\t\t\t<svg aria-hidden=\"true\" class=\"e-font-icon-svg e-eicon-chevron-right\" viewBox=\"0 0 1000 1000\" xmlns=\"http:\/\/www.w3.org\/2000\/svg\"><path d=\"M696 533C708 521 713 504 713 487 713 471 708 454 696 446L400 146C388 133 375 125 354 125 338 125 325 129 313 142 300 154 292 171 292 187 292 204 296 221 308 233L563 492 304 771C292 783 288 800 288 817 288 833 296 850 308 863 321 871 338 875 354 875 371 875 388 867 400 854L696 533Z\"><\/path><\/svg>\t\t\t\t\t<\/div>\n\t\t\t\t\n\t\t\t\t\t\t\t\t\t<\/div>\n\t\t\t\t\t\t<\/div>\n\t\t\t\t<\/div>\n\t\t\t\t<\/div>\n\t\t\t\t<\/div>\n\t\t<div class=\"elementor-element elementor-element-4a38ee6 e-flex e-con-boxed e-con e-parent\" data-id=\"4a38ee6\" data-element_type=\"container\">\n\t\t\t\t\t<div class=\"e-con-inner\">\n\t\t\t\t<div class=\"elementor-element elementor-element-6fa2c64 elementor-widget elementor-widget-heading\" data-id=\"6fa2c64\" data-element_type=\"widget\" data-widget_type=\"heading.default\">\n\t\t\t\t<div class=\"elementor-widget-container\">\n\t\t\t\t\t<h2 class=\"elementor-heading-title elementor-size-default\">Weitere Zimmer<\/h2>\t\t\t\t<\/div>\n\t\t\t\t<\/div>\n\t\t\t\t\t<\/div>\n\t\t\t\t<\/div>\n\t\t<div class=\"elementor-element elementor-element-99f263f e-flex e-con-boxed e-con e-parent\" data-id=\"99f263f\" data-element_type=\"container\">\n\t\t\t\t\t<div class=\"e-con-inner\">\n\t\t<div class=\"elementor-element elementor-element-03f39a8 e-con-full e-flex e-con e-parent\" data-id=\"03f39a8\" data-element_type=\"container\">\n\t\t\t\t<div class=\"elementor-element elementor-element-5d1b618 elementor-cta--skin-cover elementor-cta--valign-bottom elementor-animated-content elementor-bg-transform elementor-bg-transform-zoom-in elementor-widget elementor-widget-call-to-action\" data-id=\"5d1b618\" data-element_type=\"widget\" data-widget_type=\"call-to-action.default\">\n\t\t\t\t<div class=\"elementor-widget-container\">\n\t\t\t\t\t\t\t<a class=\"elementor-cta\" href=\"\/de\/zimmer\/standard-zimmer\/\">\n\t\t\t\t\t<div class=\"elementor-cta__bg-wrapper\">\n\t\t\t\t<div class=\"elementor-cta__bg elementor-bg\" style=\"background-image: url(https:\/\/www.hotelburgevin.fr\/wp-content\/uploads\/2023\/04\/chambre-standard-double.jpg);\" role=\"img\" aria-label=\"chambre-standard-double\"><\/div>\n\t\t\t\t<div class=\"elementor-cta__bg-overlay\"><\/div>\n\t\t\t<\/div>\n\t\t\t\t\t\t\t<div class=\"elementor-cta__content\">\n\t\t\t\t\n\t\t\t\t\t\t\t\t\t<h2 class=\"elementor-cta__title elementor-cta__content-item elementor-content-item elementor-animated-item--grow\">\n\t\t\t\t\t\tStandard Zimmer\t\t\t\t\t<\/h2>\n\t\t\t\t\n\t\t\t\t\n\t\t\t\t\t\t\t<\/div>\n\t\t\t\t\t\t<\/a>\n\t\t\t\t\t\t<\/div>\n\t\t\t\t<\/div>\n\t\t\t\t<\/div>\n\t\t<div class=\"elementor-element elementor-element-87b12bb e-con-full e-flex e-con e-parent\" data-id=\"87b12bb\" data-element_type=\"container\">\n\t\t\t\t<div class=\"elementor-element elementor-element-118b4f7 elementor-cta--skin-cover elementor-cta--valign-bottom elementor-animated-content elementor-bg-transform elementor-bg-transform-zoom-in elementor-widget elementor-widget-call-to-action\" data-id=\"118b4f7\" data-element_type=\"widget\" data-widget_type=\"call-to-action.default\">\n\t\t\t\t<div class=\"elementor-widget-container\">\n\t\t\t\t\t\t\t<a class=\"elementor-cta\" href=\"\/de\/zimmer\/superior-zimmer\/\">\n\t\t\t\t\t<div class=\"elementor-cta__bg-wrapper\">\n\t\t\t\t<div class=\"elementor-cta__bg elementor-bg\" style=\"background-image: url(https:\/\/www.hotelburgevin.fr\/wp-content\/uploads\/2023\/04\/chambre-superieure.jpg);\" role=\"img\" aria-label=\"chambre-superieure\"><\/div>\n\t\t\t\t<div class=\"elementor-cta__bg-overlay\"><\/div>\n\t\t\t<\/div>\n\t\t\t\t\t\t\t<div class=\"elementor-cta__content\">\n\t\t\t\t\n\t\t\t\t\t\t\t\t\t<h2 class=\"elementor-cta__title elementor-cta__content-item elementor-content-item elementor-animated-item--grow\">\n\t\t\t\t\t\tSuperior Zimmer\t\t\t\t\t<\/h2>\n\t\t\t\t\n\t\t\t\t\n\t\t\t\t\t\t\t<\/div>\n\t\t\t\t\t\t<\/a>\n\t\t\t\t\t\t<\/div>\n\t\t\t\t<\/div>\n\t\t\t\t<\/div>\n\t\t<div class=\"elementor-element elementor-element-ae093a7 e-con-full e-flex e-con e-parent\" data-id=\"ae093a7\" data-element_type=\"container\">\n\t\t\t\t<div class=\"elementor-element elementor-element-f0ee1c9 elementor-cta--skin-cover elementor-cta--valign-bottom elementor-animated-content elementor-bg-transform elementor-bg-transform-zoom-in elementor-widget elementor-widget-call-to-action\" data-id=\"f0ee1c9\" data-element_type=\"widget\" data-widget_type=\"call-to-action.default\">\n\t\t\t\t<div class=\"elementor-widget-container\">\n\t\t\t\t\t\t\t<a class=\"elementor-cta\" href=\"\/de\/zimmer\/superior-zimmer-plus\/\">\n\t\t\t\t\t<div class=\"elementor-cta__bg-wrapper\">\n\t\t\t\t<div class=\"elementor-cta__bg elementor-bg\" style=\"background-image: url(https:\/\/www.hotelburgevin.fr\/wp-content\/uploads\/2023\/04\/chambre-superieure-plus.jpg);\" role=\"img\" aria-label=\"chambre-superieure-plus\"><\/div>\n\t\t\t\t<div class=\"elementor-cta__bg-overlay\"><\/div>\n\t\t\t<\/div>\n\t\t\t\t\t\t\t<div class=\"elementor-cta__content\">\n\t\t\t\t\n\t\t\t\t\t\t\t\t\t<h2 class=\"elementor-cta__title elementor-cta__content-item elementor-content-item elementor-animated-item--grow\">\n\t\t\t\t\t\tSuperior Zimmer Plus\t\t\t\t\t<\/h2>\n\t\t\t\t\n\t\t\t\t\n\t\t\t\t\t\t\t<\/div>\n\t\t\t\t\t\t<\/a>\n\t\t\t\t\t\t<\/div>\n\t\t\t\t<\/div>\n\t\t\t\t<\/div>\n\t\t\t\t\t<\/div>\n\t\t\t\t<\/div>\n\t\t\t\t<\/div>\n\t\t","protected":false},"excerpt":{"rendered":"<p>Junior Suite ab 165\u20ac Buchen Ausstattung im Zimmer Egal, ob Sie einen langen oder kurzen Aufenthalt planen, Touristen oder Gesch\u00e4ftsreisende, unsere Junior Suiten sind immer bereit, Sie f\u00fcr einen Ausflug zu zweit, eine Radtour zu dritt oder auch ein Familienwochenende zu viert zu empfangen. Die Einrichtung verf\u00fcgt \u00fcber zwei Junior-Suiten. Sie sind 33 bis 35 [&hellip;]<\/p>\n","protected":false},"author":1,"featured_media":0,"parent":7377,"menu_order":0,"comment_status":"closed","ping_status":"closed","template":"elementor_header_footer","meta":{"_seopress_robots_primary_cat":"","_seopress_titles_title":"","_seopress_titles_desc":"","_seopress_robots_index":"","footnotes":""},"class_list":["post-7385","page","type-page","status-publish","hentry"],"_links":{"self":[{"href":"https:\/\/www.hotelburgevin.fr\/de\/wp-json\/wp\/v2\/pages\/7385","targetHints":{"allow":["GET"]}}],"collection":[{"href":"https:\/\/www.hotelburgevin.fr\/de\/wp-json\/wp\/v2\/pages"}],"about":[{"href":"https:\/\/www.hotelburgevin.fr\/de\/wp-json\/wp\/v2\/types\/page"}],"author":[{"embeddable":true,"href":"https:\/\/www.hotelburgevin.fr\/de\/wp-json\/wp\/v2\/users\/1"}],"replies":[{"embeddable":true,"href":"https:\/\/www.hotelburgevin.fr\/de\/wp-json\/wp\/v2\/comments?post=7385"}],"version-history":[{"count":10,"href":"https:\/\/www.hotelburgevin.fr\/de\/wp-json\/wp\/v2\/pages\/7385\/revisions"}],"predecessor-version":[{"id":8396,"href":"https:\/\/www.hotelburgevin.fr\/de\/wp-json\/wp\/v2\/pages\/7385\/revisions\/8396"}],"up":[{"embeddable":true,"href":"https:\/\/www.hotelburgevin.fr\/de\/wp-json\/wp\/v2\/pages\/7377"}],"wp:attachment":[{"href":"https:\/\/www.hotelburgevin.fr\/de\/wp-json\/wp\/v2\/media?parent=7385"}],"curies":[{"name":"wp","href":"https:\/\/api.w.org\/{rel}","templated":true}]}}