{"id":7393,"date":"2023-05-03T14:05:51","date_gmt":"2023-05-03T12:05:51","guid":{"rendered":"https:\/\/www.hotelburgevin.fr\/fruhstuck\/"},"modified":"2023-06-01T15:17:30","modified_gmt":"2023-06-01T13:17:30","slug":"fruhstuck","status":"publish","type":"page","link":"https:\/\/www.hotelburgevin.fr\/de\/fruhstuck\/","title":{"rendered":"Fr\u00fchst\u00fcck"},"content":{"rendered":"\t\t<div data-elementor-type=\"wp-page\" data-elementor-id=\"7393\" class=\"elementor elementor-7393 elementor-6787\" data-elementor-post-type=\"page\">\n\t\t\t\t<div class=\"elementor-element elementor-element-3836b0f zscale e-flex e-con-boxed e-con e-parent\" data-id=\"3836b0f\" data-element_type=\"container\" data-settings=\"{&quot;background_background&quot;:&quot;classic&quot;,&quot;shape_divider_bottom&quot;:&quot;mountains&quot;,&quot;motion_fx_motion_fx_scrolling&quot;:&quot;yes&quot;,&quot;motion_fx_scale_effect&quot;:&quot;yes&quot;,&quot;motion_fx_scale_speed&quot;:{&quot;unit&quot;:&quot;px&quot;,&quot;size&quot;:10,&quot;sizes&quot;:[]},&quot;motion_fx_scale_range&quot;:{&quot;unit&quot;:&quot;%&quot;,&quot;size&quot;:&quot;&quot;,&quot;sizes&quot;:{&quot;start&quot;:0,&quot;end&quot;:100}},&quot;motion_fx_scale_direction&quot;:&quot;out-in&quot;,&quot;motion_fx_devices&quot;:[&quot;desktop&quot;,&quot;tablet&quot;,&quot;mobile&quot;]}\">\n\t\t\t\t\t<div class=\"e-con-inner\">\n\t\t\t\t<div class=\"elementor-shape elementor-shape-bottom\" aria-hidden=\"true\" data-negative=\"false\">\n\t\t\t<svg xmlns=\"http:\/\/www.w3.org\/2000\/svg\" viewBox=\"0 0 1000 100\" preserveAspectRatio=\"none\">\n\t<path class=\"elementor-shape-fill\" opacity=\"0.33\" d=\"M473,67.3c-203.9,88.3-263.1-34-320.3,0C66,119.1,0,59.7,0,59.7V0h1000v59.7 c0,0-62.1,26.1-94.9,29.3c-32.8,3.3-62.8-12.3-75.8-22.1C806,49.6,745.3,8.7,694.9,4.7S492.4,59,473,67.3z\"\/>\n\t<path class=\"elementor-shape-fill\" opacity=\"0.66\" d=\"M734,67.3c-45.5,0-77.2-23.2-129.1-39.1c-28.6-8.7-150.3-10.1-254,39.1 s-91.7-34.4-149.2,0C115.7,118.3,0,39.8,0,39.8V0h1000v36.5c0,0-28.2-18.5-92.1-18.5C810.2,18.1,775.7,67.3,734,67.3z\"\/>\n\t<path class=\"elementor-shape-fill\" d=\"M766.1,28.9c-200-57.5-266,65.5-395.1,19.5C242,1.8,242,5.4,184.8,20.6C128,35.8,132.3,44.9,89.9,52.5C28.6,63.7,0,0,0,0 h1000c0,0-9.9,40.9-83.6,48.1S829.6,47,766.1,28.9z\"\/>\n<\/svg>\t\t<\/div>\n\t\t\t\t<div class=\"elementor-element elementor-element-3e55c4d elementor-widget-divider--view-line_text elementor-widget-divider--element-align-center elementor-widget elementor-widget-divider\" data-id=\"3e55c4d\" data-element_type=\"widget\" data-widget_type=\"divider.default\">\n\t\t\t\t<div class=\"elementor-widget-container\">\n\t\t\t\t\t\t\t<div class=\"elementor-divider\">\n\t\t\t<span class=\"elementor-divider-separator\">\n\t\t\t\t\t\t\t<span class=\"elementor-divider__text elementor-divider__element\">\n\t\t\t\tBiologische und frische Produkte\t\t\t\t<\/span>\n\t\t\t\t\t\t<\/span>\n\t\t<\/div>\n\t\t\t\t\t\t<\/div>\n\t\t\t\t<\/div>\n\t\t\t\t<div class=\"elementor-element elementor-element-6d29f6d elementor-widget elementor-widget-heading\" data-id=\"6d29f6d\" data-element_type=\"widget\" data-widget_type=\"heading.default\">\n\t\t\t\t<div class=\"elementor-widget-container\">\n\t\t\t\t\t<h1 class=\"elementor-heading-title elementor-size-xxl\">\u00ab Fr\u00fchst\u00fcck <br>wie ein K\u00f6nig... \u00bb <\/h1>\t\t\t\t<\/div>\n\t\t\t\t<\/div>\n\t\t\t\t<div class=\"elementor-element elementor-element-ceaf833 elementor-widget elementor-widget-heading\" data-id=\"ceaf833\" data-element_type=\"widget\" data-widget_type=\"heading.default\">\n\t\t\t\t<div class=\"elementor-widget-container\">\n\t\t\t\t\t<h2 class=\"elementor-heading-title elementor-size-default\">Ein guter Tag beginnt<br> durch ein vielversprechendes Fr\u00fchst\u00fcck<\/h2>\t\t\t\t<\/div>\n\t\t\t\t<\/div>\n\t\t\t\t<div class=\"elementor-element elementor-element-822c8a4 elementor-widget elementor-widget-spacer\" data-id=\"822c8a4\" data-element_type=\"widget\" data-widget_type=\"spacer.default\">\n\t\t\t\t<div class=\"elementor-widget-container\">\n\t\t\t\t\t\t\t<div class=\"elementor-spacer\">\n\t\t\t<div class=\"elementor-spacer-inner\"><\/div>\n\t\t<\/div>\n\t\t\t\t\t\t<\/div>\n\t\t\t\t<\/div>\n\t\t\t\t\t<\/div>\n\t\t\t\t<\/div>\n\t\t<div class=\"elementor-element elementor-element-e341416 e-flex e-con-boxed e-con e-parent\" data-id=\"e341416\" data-element_type=\"container\">\n\t\t\t\t\t<div class=\"e-con-inner\">\n\t\t\t\t<div class=\"elementor-element elementor-element-ac2755c elementor-widget elementor-widget-spacer\" data-id=\"ac2755c\" data-element_type=\"widget\" data-widget_type=\"spacer.default\">\n\t\t\t\t<div class=\"elementor-widget-container\">\n\t\t\t\t\t\t\t<div class=\"elementor-spacer\">\n\t\t\t<div class=\"elementor-spacer-inner\"><\/div>\n\t\t<\/div>\n\t\t\t\t\t\t<\/div>\n\t\t\t\t<\/div>\n\t\t\t\t\t<\/div>\n\t\t\t\t<\/div>\n\t\t<div class=\"elementor-element elementor-element-59e9972 e-flex e-con-boxed e-con e-parent\" data-id=\"59e9972\" data-element_type=\"container\">\n\t\t\t\t\t<div class=\"e-con-inner\">\n\t\t\t\t<div class=\"elementor-element elementor-element-4619545 elementor-widget elementor-widget-text-editor\" data-id=\"4619545\" data-element_type=\"widget\" data-widget_type=\"text-editor.default\">\n\t\t\t\t<div class=\"elementor-widget-container\">\n\t\t\t\t\t\t\t\t\t<p style=\"text-align: center;\">Wir im Hotel Burgevin finden, dass ein guter Tag immer mit einem Fr\u00fchst\u00fcck beginnt, das viel verspricht und vor allem f\u00fcr jeden Geschmack etwas bietet!<\/p>\n\t\t\t\t\t\t\t\t<\/div>\n\t\t\t\t<\/div>\n\t\t\t\t\t<\/div>\n\t\t\t\t<\/div>\n\t\t<div class=\"elementor-element elementor-element-7c86dfa e-con-full e-flex e-con e-parent\" data-id=\"7c86dfa\" data-element_type=\"container\">\n\t\t<div class=\"elementor-element elementor-element-d71f8d6 e-con-full e-flex e-con e-parent\" data-id=\"d71f8d6\" data-element_type=\"container\" data-settings=\"{&quot;background_background&quot;:&quot;classic&quot;}\">\n\t\t\t\t<div class=\"elementor-element elementor-element-85eabaf elementor-widget elementor-widget-image\" data-id=\"85eabaf\" data-element_type=\"widget\" data-widget_type=\"image.default\">\n\t\t\t\t<div class=\"elementor-widget-container\">\n\t\t\t\t\t\t\t\t\t\t\t\t\t\t\t<img fetchpriority=\"high\" decoding=\"async\" width=\"1920\" height=\"1440\" src=\"https:\/\/www.hotelburgevin.fr\/wp-content\/uploads\/2023\/05\/buffet-petit-de\u0301jeuner2.jpg\" class=\"attachment-full size-full wp-image-7498\" alt=\"\" srcset=\"https:\/\/www.hotelburgevin.fr\/wp-content\/uploads\/2023\/05\/buffet-petit-de\u0301jeuner2.jpg 1920w, https:\/\/www.hotelburgevin.fr\/wp-content\/uploads\/2023\/05\/buffet-petit-de\u0301jeuner2-300x225.jpg 300w, https:\/\/www.hotelburgevin.fr\/wp-content\/uploads\/2023\/05\/buffet-petit-de\u0301jeuner2-1024x768.jpg 1024w, https:\/\/www.hotelburgevin.fr\/wp-content\/uploads\/2023\/05\/buffet-petit-de\u0301jeuner2-768x576.jpg 768w, https:\/\/www.hotelburgevin.fr\/wp-content\/uploads\/2023\/05\/buffet-petit-de\u0301jeuner2-1536x1152.jpg 1536w\" sizes=\"(max-width: 1920px) 100vw, 1920px\" \/>\t\t\t\t\t\t\t\t\t\t\t\t\t\t\t<\/div>\n\t\t\t\t<\/div>\n\t\t\t\t<\/div>\n\t\t<div class=\"elementor-element elementor-element-2248cb5 e-con-full e-flex e-con e-parent\" data-id=\"2248cb5\" data-element_type=\"container\" data-settings=\"{&quot;background_background&quot;:&quot;classic&quot;}\">\n\t\t<div class=\"elementor-element elementor-element-3a1ffae e-con-full e-flex e-con e-parent\" data-id=\"3a1ffae\" data-element_type=\"container\">\n\t\t<div class=\"elementor-element elementor-element-93b07d6 e-con-full e-flex e-con e-parent\" data-id=\"93b07d6\" data-element_type=\"container\">\n\t\t\t\t<div class=\"elementor-element elementor-element-6dbe356 elementor-widget elementor-widget-heading\" data-id=\"6dbe356\" data-element_type=\"widget\" data-widget_type=\"heading.default\">\n\t\t\t\t<div class=\"elementor-widget-container\">\n\t\t\t\t\t<h3 class=\"elementor-heading-title elementor-size-default\">Arten von Fr\u00fchst\u00fccken<\/h3>\t\t\t\t<\/div>\n\t\t\t\t<\/div>\n\t\t\t\t<\/div>\n\t\t<div class=\"elementor-element elementor-element-0b34643 e-con-full e-flex e-con e-parent\" data-id=\"0b34643\" data-element_type=\"container\">\n\t\t\t\t<div class=\"elementor-element elementor-element-fc39f09 elementor-widget elementor-widget-spacer\" data-id=\"fc39f09\" data-element_type=\"widget\" data-widget_type=\"spacer.default\">\n\t\t\t\t<div class=\"elementor-widget-container\">\n\t\t\t\t\t\t\t<div class=\"elementor-spacer\">\n\t\t\t<div class=\"elementor-spacer-inner\"><\/div>\n\t\t<\/div>\n\t\t\t\t\t\t<\/div>\n\t\t\t\t<\/div>\n\t\t\t\t<\/div>\n\t\t\t\t<div class=\"elementor-element elementor-element-4db38aa elementor-widget elementor-widget-text-editor\" data-id=\"4db38aa\" data-element_type=\"widget\" data-widget_type=\"text-editor.default\">\n\t\t\t\t<div class=\"elementor-widget-container\">\n\t\t\t\t\t\t\t\t\t<p style=\"text-align: center;\">Ob Sie nun an Ihren Gewohnheiten festhalten oder eher im Entdeckungsmodus sind &#8230; das Buffet bietet Ihnen ein vielf\u00e4ltiges Angebot an s\u00fc\u00dfen, salzigen &#8230; warmen und\/oder kalten Speisen, das jeden zufriedenstellen d\u00fcrfte!<br \/>Hier finden Sie Spezialit\u00e4ten, lokale Produkte mit kurzen Wegen (Obst der Saison,<br \/>K\u00e4se&#8230;), verschiedene Brotsorten, Bioprodukte, eine gro\u00dfe Auswahl an Milchprodukten<br \/>Wurst- und K\u00e4sesorten, R\u00fchrei, &#8220;Healthy&#8221;-Produkte und hausgemachte Backwaren, die zu den traditionelleren Geb\u00e4ckst\u00fccken hinzukommen&#8230;<br \/>Laktosefreie, glutenfreie Lebensmittel sind immer auf dem Buffet zu finden.<\/p>\n\t\t\t\t\t\t\t\t<\/div>\n\t\t\t\t<\/div>\n\t\t\t\t<\/div>\n\t\t\t\t<\/div>\n\t\t\t\t<\/div>\n\t\t<div class=\"elementor-element elementor-element-7c1f2b9 e-con-full e-flex e-con e-parent\" data-id=\"7c1f2b9\" data-element_type=\"container\">\n\t\t<div class=\"elementor-element elementor-element-2f5c7dc e-con-full e-flex e-con e-parent\" data-id=\"2f5c7dc\" data-element_type=\"container\" data-settings=\"{&quot;background_background&quot;:&quot;classic&quot;}\">\n\t\t\t\t<div class=\"elementor-element elementor-element-c7033ef elementor-widget elementor-widget-heading\" data-id=\"c7033ef\" data-element_type=\"widget\" data-widget_type=\"heading.default\">\n\t\t\t\t<div class=\"elementor-widget-container\">\n\t\t\t\t\t<h3 class=\"elementor-heading-title elementor-size-default\">\u00d6ffnungszeiten des Fr\u00fchst\u00fccksbuffets<\/h3>\t\t\t\t<\/div>\n\t\t\t\t<\/div>\n\t\t<div class=\"elementor-element elementor-element-d0ec092 e-con-full e-flex e-con e-parent\" data-id=\"d0ec092\" data-element_type=\"container\">\n\t\t<div class=\"elementor-element elementor-element-733ff9f e-con-full e-flex e-con e-parent\" data-id=\"733ff9f\" data-element_type=\"container\">\n\t\t\t\t<div class=\"elementor-element elementor-element-bd13698 elementor-widget elementor-widget-spacer\" data-id=\"bd13698\" data-element_type=\"widget\" data-widget_type=\"spacer.default\">\n\t\t\t\t<div class=\"elementor-widget-container\">\n\t\t\t\t\t\t\t<div class=\"elementor-spacer\">\n\t\t\t<div class=\"elementor-spacer-inner\"><\/div>\n\t\t<\/div>\n\t\t\t\t\t\t<\/div>\n\t\t\t\t<\/div>\n\t\t\t\t<\/div>\n\t\t\t\t<div class=\"elementor-element elementor-element-7c68c4c elementor-widget elementor-widget-text-editor\" data-id=\"7c68c4c\" data-element_type=\"widget\" data-widget_type=\"text-editor.default\">\n\t\t\t\t<div class=\"elementor-widget-container\">\n\t\t\t\t\t\t\t\t\t<p style=\"text-align: center;\">Unter der Woche steht das Buffet ab 7.00 Uhr zur Verf\u00fcgung und wird um 9.30 Uhr abger\u00e4umt.<\/p>\n<p style=\"text-align: center;\">An Wochenenden und Feiertagen steht das Buffet ab 8:00 Uhr zur Verf\u00fcgung und wird um 10:00 Uhr abger\u00e4umt. <\/p>\n<p style=\"text-align: center;\">Ein kontinentales Fr\u00fchst\u00fcck kann Ihnen im Zimmer serviert werden (ab 7:15 Uhr an Wochentagen und 8:15 Uhr an Wochenenden bis 10:00 Uhr), nur mit Reservierung am Vortag und zum Preis von 20 \u20ac pro Person.<\/p>\n\t\t\t\t\t\t\t\t<\/div>\n\t\t\t\t<\/div>\n\t\t\t\t<\/div>\n\t\t\t\t<\/div>\n\t\t<div class=\"elementor-element elementor-element-a68f4f3 e-con-full e-flex e-con e-parent\" data-id=\"a68f4f3\" data-element_type=\"container\" data-settings=\"{&quot;background_background&quot;:&quot;classic&quot;}\">\n\t\t\t\t<div class=\"elementor-element elementor-element-60b5d10 elementor-widget elementor-widget-image\" data-id=\"60b5d10\" data-element_type=\"widget\" data-widget_type=\"image.default\">\n\t\t\t\t<div class=\"elementor-widget-container\">\n\t\t\t\t\t\t\t\t\t\t\t\t\t\t\t<img decoding=\"async\" width=\"800\" height=\"534\" src=\"https:\/\/www.hotelburgevin.fr\/wp-content\/uploads\/2023\/04\/hotel-burgevin-sully-sur-loire-3-1024x683.jpg\" class=\"attachment-large size-large wp-image-5602\" alt=\"\" srcset=\"https:\/\/www.hotelburgevin.fr\/wp-content\/uploads\/2023\/04\/hotel-burgevin-sully-sur-loire-3-1024x683.jpg 1024w, https:\/\/www.hotelburgevin.fr\/wp-content\/uploads\/2023\/04\/hotel-burgevin-sully-sur-loire-3-300x200.jpg 300w, https:\/\/www.hotelburgevin.fr\/wp-content\/uploads\/2023\/04\/hotel-burgevin-sully-sur-loire-3-768x512.jpg 768w, https:\/\/www.hotelburgevin.fr\/wp-content\/uploads\/2023\/04\/hotel-burgevin-sully-sur-loire-3-1536x1024.jpg 1536w, https:\/\/www.hotelburgevin.fr\/wp-content\/uploads\/2023\/04\/hotel-burgevin-sully-sur-loire-3.jpg 1872w\" sizes=\"(max-width: 800px) 100vw, 800px\" \/>\t\t\t\t\t\t\t\t\t\t\t\t\t\t\t<\/div>\n\t\t\t\t<\/div>\n\t\t\t\t<\/div>\n\t\t\t\t<\/div>\n\t\t<div class=\"elementor-element elementor-element-7d7d3da e-flex e-con-boxed e-con e-parent\" data-id=\"7d7d3da\" data-element_type=\"container\">\n\t\t\t\t\t<div class=\"e-con-inner\">\n\t\t<div class=\"elementor-element elementor-element-852472f e-flex e-con-boxed e-con e-parent\" data-id=\"852472f\" data-element_type=\"container\">\n\t\t\t\t\t<div class=\"e-con-inner\">\n\t\t\t\t<div class=\"elementor-element elementor-element-73d04d1 elementor-widget-tablet__width-inherit elementor-widget elementor-widget-heading\" data-id=\"73d04d1\" data-element_type=\"widget\" data-widget_type=\"heading.default\">\n\t\t\t\t<div class=\"elementor-widget-container\">\n\t\t\t\t\t<h3 class=\"elementor-heading-title elementor-size-default\">Preise Fr\u00fchst\u00fcck<\/h3>\t\t\t\t<\/div>\n\t\t\t\t<\/div>\n\t\t<div class=\"elementor-element elementor-element-f72910c e-con-full e-flex e-con e-parent\" data-id=\"f72910c\" data-element_type=\"container\">\n\t\t<div class=\"elementor-element elementor-element-9f5cf90 e-con-full e-flex e-con e-parent\" data-id=\"9f5cf90\" data-element_type=\"container\">\n\t\t<div class=\"elementor-element elementor-element-264c1ac e-con-full e-flex e-con e-parent\" data-id=\"264c1ac\" data-element_type=\"container\">\n\t\t\t\t<div class=\"elementor-element elementor-element-cc248ac elementor-widget elementor-widget-spacer\" data-id=\"cc248ac\" data-element_type=\"widget\" data-widget_type=\"spacer.default\">\n\t\t\t\t<div class=\"elementor-widget-container\">\n\t\t\t\t\t\t\t<div class=\"elementor-spacer\">\n\t\t\t<div class=\"elementor-spacer-inner\"><\/div>\n\t\t<\/div>\n\t\t\t\t\t\t<\/div>\n\t\t\t\t<\/div>\n\t\t\t\t<\/div>\n\t\t\t\t<div class=\"elementor-element elementor-element-387a506 elementor-widget elementor-widget-price-list\" data-id=\"387a506\" data-element_type=\"widget\" data-widget_type=\"price-list.default\">\n\t\t\t\t<div class=\"elementor-widget-container\">\n\t\t\t\t\t\n\t\t<ul class=\"elementor-price-list\">\n\n\t\t\t\t\t\t\t\t\t<li class=\"elementor-price-list-item\">\t\t\t\t\n\t\t\t\t<div class=\"elementor-price-list-text\">\n\t\t\t\t\t\t\t\t\t<div class=\"elementor-price-list-header\">\n\t\t\t\t\t\t\t\t\t\t\t<span class=\"elementor-price-list-title\">\n\t\t\t\t\t\t\tErwachsener\t\t\t\t\t\t<\/span>\n\t\t\t\t\t\t\t\t\t\t\t\t\t\t\t\t\t\t<span class=\"elementor-price-list-separator\"><\/span>\n\t\t\t\t\t\t\t\t\t\t\t\t\t\t\t\t\t\t\t<span class=\"elementor-price-list-price\">15 \u20ac<\/span>\n\t\t\t\t\t\t\t\t\t\t<\/div>\n\t\t\t\t\t\t\t\t\t\t\t\t<\/div>\n\t\t\t\t<\/li>\t\t\t\t\t\t\t\t\t\t\t\t<li class=\"elementor-price-list-item\">\t\t\t\t\n\t\t\t\t<div class=\"elementor-price-list-text\">\n\t\t\t\t\t\t\t\t\t<div class=\"elementor-price-list-header\">\n\t\t\t\t\t\t\t\t\t\t\t<span class=\"elementor-price-list-title\">\n\t\t\t\t\t\t\tKinder (unter 12 Jahren)\t\t\t\t\t\t<\/span>\n\t\t\t\t\t\t\t\t\t\t\t\t\t\t\t\t\t\t<span class=\"elementor-price-list-separator\"><\/span>\n\t\t\t\t\t\t\t\t\t\t\t\t\t\t\t\t\t\t\t<span class=\"elementor-price-list-price\">9 \u20ac<\/span>\n\t\t\t\t\t\t\t\t\t\t<\/div>\n\t\t\t\t\t\t\t\t\t\t\t\t<\/div>\n\t\t\t\t<\/li>\t\t\t\t\t\t\t\t\t\t\t\t<li class=\"elementor-price-list-item\">\t\t\t\t\n\t\t\t\t<div class=\"elementor-price-list-text\">\n\t\t\t\t\t\t\t\t\t<div class=\"elementor-price-list-header\">\n\t\t\t\t\t\t\t\t\t\t\t<span class=\"elementor-price-list-title\">\n\t\t\t\t\t\t\tKinder (unter 2 Jahren)\t\t\t\t\t\t<\/span>\n\t\t\t\t\t\t\t\t\t\t\t\t\t\t\t\t\t\t<span class=\"elementor-price-list-separator\"><\/span>\n\t\t\t\t\t\t\t\t\t\t\t\t\t\t\t\t\t\t\t<span class=\"elementor-price-list-price\">gratuit<\/span>\n\t\t\t\t\t\t\t\t\t\t<\/div>\n\t\t\t\t\t\t\t\t\t\t\t\t<\/div>\n\t\t\t\t<\/li>\t\t\t\t\t\n\t\t<\/ul>\n\n\t\t\t\t\t\t<\/div>\n\t\t\t\t<\/div>\n\t\t\t\t<\/div>\n\t\t\t\t<\/div>\n\t\t\t\t\t<\/div>\n\t\t\t\t<\/div>\n\t\t\t\t\t<\/div>\n\t\t\t\t<\/div>\n\t\t\t\t<\/div>\n\t\t","protected":false},"excerpt":{"rendered":"<p>Biologische und frische Produkte \u00ab Fr\u00fchst\u00fcck wie ein K\u00f6nig&#8230; \u00bb Ein guter Tag beginnt durch ein vielversprechendes Fr\u00fchst\u00fcck Wir im Hotel Burgevin finden, dass ein guter Tag immer mit einem Fr\u00fchst\u00fcck beginnt, das viel verspricht und vor allem f\u00fcr jeden Geschmack etwas bietet! Arten von Fr\u00fchst\u00fccken Ob Sie nun an Ihren Gewohnheiten festhalten oder eher [&hellip;]<\/p>\n","protected":false},"author":3,"featured_media":0,"parent":0,"menu_order":0,"comment_status":"closed","ping_status":"closed","template":"","meta":{"_seopress_robots_primary_cat":"","_seopress_titles_title":"","_seopress_titles_desc":"","_seopress_robots_index":"","footnotes":""},"class_list":["post-7393","page","type-page","status-publish","hentry"],"_links":{"self":[{"href":"https:\/\/www.hotelburgevin.fr\/de\/wp-json\/wp\/v2\/pages\/7393","targetHints":{"allow":["GET"]}}],"collection":[{"href":"https:\/\/www.hotelburgevin.fr\/de\/wp-json\/wp\/v2\/pages"}],"about":[{"href":"https:\/\/www.hotelburgevin.fr\/de\/wp-json\/wp\/v2\/types\/page"}],"author":[{"embeddable":true,"href":"https:\/\/www.hotelburgevin.fr\/de\/wp-json\/wp\/v2\/users\/3"}],"replies":[{"embeddable":true,"href":"https:\/\/www.hotelburgevin.fr\/de\/wp-json\/wp\/v2\/comments?post=7393"}],"version-history":[{"count":9,"href":"https:\/\/www.hotelburgevin.fr\/de\/wp-json\/wp\/v2\/pages\/7393\/revisions"}],"predecessor-version":[{"id":7618,"href":"https:\/\/www.hotelburgevin.fr\/de\/wp-json\/wp\/v2\/pages\/7393\/revisions\/7618"}],"wp:attachment":[{"href":"https:\/\/www.hotelburgevin.fr\/de\/wp-json\/wp\/v2\/media?parent=7393"}],"curies":[{"name":"wp","href":"https:\/\/api.w.org\/{rel}","templated":true}]}}