{"id":7339,"date":"2023-04-12T20:39:11","date_gmt":"2023-04-12T18:39:11","guid":{"rendered":"https:\/\/www.hotelburgevin.fr\/habitaciones\/"},"modified":"2023-06-19T15:20:13","modified_gmt":"2023-06-19T13:20:13","slug":"nuestras-habitaciones","status":"publish","type":"page","link":"https:\/\/www.hotelburgevin.fr\/es\/nuestras-habitaciones\/","title":{"rendered":"Habitaciones"},"content":{"rendered":"\t\t<div data-elementor-type=\"wp-page\" data-elementor-id=\"7339\" class=\"elementor elementor-7339 elementor-617\" data-elementor-post-type=\"page\">\n\t\t\t\t<div class=\"elementor-element elementor-element-6331cdd e-flex e-con-boxed e-con e-parent\" data-id=\"6331cdd\" data-element_type=\"container\" data-settings=\"{&quot;background_background&quot;:&quot;classic&quot;,&quot;background_motion_fx_motion_fx_scrolling&quot;:&quot;yes&quot;,&quot;background_motion_fx_translateY_effect&quot;:&quot;yes&quot;,&quot;background_motion_fx_translateY_speed&quot;:{&quot;unit&quot;:&quot;px&quot;,&quot;size&quot;:4,&quot;sizes&quot;:[]},&quot;background_motion_fx_translateY_affectedRange&quot;:{&quot;unit&quot;:&quot;%&quot;,&quot;size&quot;:&quot;&quot;,&quot;sizes&quot;:{&quot;start&quot;:0,&quot;end&quot;:100}},&quot;background_motion_fx_devices&quot;:[&quot;desktop&quot;,&quot;tablet&quot;,&quot;mobile&quot;]}\">\n\t\t\t\t\t<div class=\"e-con-inner\">\n\t\t\t\t<div class=\"elementor-element elementor-element-a88148d elementor-widget elementor-widget-heading\" data-id=\"a88148d\" data-element_type=\"widget\" data-widget_type=\"heading.default\">\n\t\t\t\t<div class=\"elementor-widget-container\">\n\t\t\t\t\t<h1 class=\"elementor-heading-title elementor-size-default\">Nuestras habitaciones &amp; suites<\/h1>\t\t\t\t<\/div>\n\t\t\t\t<\/div>\n\t\t\t\t\t<\/div>\n\t\t\t\t<\/div>\n\t\t<div class=\"elementor-element elementor-element-653788d e-flex e-con-boxed e-con e-parent\" data-id=\"653788d\" data-element_type=\"container\">\n\t\t\t\t\t<div class=\"e-con-inner\">\n\t\t<div class=\"elementor-element elementor-element-b5458bf e-con-full e-flex e-con e-parent\" data-id=\"b5458bf\" data-element_type=\"container\">\n\t\t\t\t<div class=\"elementor-element elementor-element-3334aef elementor-cta--layout-image-right elementor-cta--mobile-layout-image-above elementor-cta--skin-classic elementor-animated-content elementor-bg-transform elementor-bg-transform-zoom-in elementor-widget elementor-widget-call-to-action\" data-id=\"3334aef\" data-element_type=\"widget\" data-widget_type=\"call-to-action.default\">\n\t\t\t\t<div class=\"elementor-widget-container\">\n\t\t\t\t\t\t\t<a class=\"elementor-cta\" href=\"\/es\/nuestras-habitaciones\/habitacion-estandar\/\">\n\t\t\t\t\t<div class=\"elementor-cta__bg-wrapper\">\n\t\t\t\t<div class=\"elementor-cta__bg elementor-bg\" style=\"background-image: url(https:\/\/www.hotelburgevin.fr\/wp-content\/uploads\/2023\/04\/chambre-standard-double.jpg);\" role=\"img\" aria-label=\"chambre-standard-double\"><\/div>\n\t\t\t\t<div class=\"elementor-cta__bg-overlay\"><\/div>\n\t\t\t<\/div>\n\t\t\t\t\t\t\t<div class=\"elementor-cta__content\">\n\t\t\t\t\n\t\t\t\t\t\t\t\t\t<h2 class=\"elementor-cta__title elementor-cta__content-item elementor-content-item\">\n\t\t\t\t\t\tHabitaci\u00f3n Est\u00e1ndar\t\t\t\t\t<\/h2>\n\t\t\t\t\n\t\t\t\t\t\t\t\t\t<div class=\"elementor-cta__description elementor-cta__content-item elementor-content-item\">\n\t\t\t\t\t\t<p>La habitaci\u00f3n est\u00e1ndar le proporcionar\u00e1 todo lo necesario para una c\u00f3moda estancia tur\u00edstica o de negocios, solo o con amigos.<br \/> en Sully-sur-Loire.<\/p>\n\t\t\t\t\t<\/div>\n\t\t\t\t\n\t\t\t\t\t\t\t\t\t<div class=\"elementor-cta__button-wrapper elementor-cta__content-item elementor-content-item \">\n\t\t\t\t\t<span class=\"elementor-cta__button elementor-button elementor-size-\">\n\t\t\t\t\t\tDescubra esta habitaci\u00f3n\t\t\t\t\t<\/span>\n\t\t\t\t\t<\/div>\n\t\t\t\t\t\t\t<\/div>\n\t\t\t\t\t\t<\/a>\n\t\t\t\t\t\t<\/div>\n\t\t\t\t<\/div>\n\t\t\t\t<\/div>\n\t\t<div class=\"elementor-element elementor-element-74092dd e-con-full e-flex e-con e-parent\" data-id=\"74092dd\" data-element_type=\"container\">\n\t\t\t\t<div class=\"elementor-element elementor-element-ce12a67 elementor-cta--layout-image-left elementor-cta--mobile-layout-image-above elementor-cta--skin-classic elementor-animated-content elementor-bg-transform elementor-bg-transform-zoom-in elementor-widget elementor-widget-call-to-action\" data-id=\"ce12a67\" data-element_type=\"widget\" data-widget_type=\"call-to-action.default\">\n\t\t\t\t<div class=\"elementor-widget-container\">\n\t\t\t\t\t\t\t<a class=\"elementor-cta\" href=\"\/es\/nuestras-habitaciones\/habitacion-superior\/\">\n\t\t\t\t\t<div class=\"elementor-cta__bg-wrapper\">\n\t\t\t\t<div class=\"elementor-cta__bg elementor-bg\" style=\"background-image: url(https:\/\/www.hotelburgevin.fr\/wp-content\/uploads\/2023\/04\/chambre-superieure.jpg);\" role=\"img\" aria-label=\"chambre-superieure\"><\/div>\n\t\t\t\t<div class=\"elementor-cta__bg-overlay\"><\/div>\n\t\t\t<\/div>\n\t\t\t\t\t\t\t<div class=\"elementor-cta__content\">\n\t\t\t\t\n\t\t\t\t\t\t\t\t\t<h2 class=\"elementor-cta__title elementor-cta__content-item elementor-content-item\">\n\t\t\t\t\t\tHabitaci\u00f3n Superior\t\t\t\t\t<\/h2>\n\t\t\t\t\n\t\t\t\t\t\t\t\t\t<div class=\"elementor-cta__description elementor-cta__content-item elementor-content-item\">\n\t\t\t\t\t\t<p>Con su cama doble, muy pr\u00e1ctica si viaja con dos personas o si necesita m\u00e1s espacio, la comodidad de la habitaci\u00f3n superior est\u00e1 garantizada. Los hu\u00e9spedes apreciar\u00e1n el minibar y la televisi\u00f3n por cable.<\/p>\n\t\t\t\t\t<\/div>\n\t\t\t\t\n\t\t\t\t\t\t\t\t\t<div class=\"elementor-cta__button-wrapper elementor-cta__content-item elementor-content-item \">\n\t\t\t\t\t<span class=\"elementor-cta__button elementor-button elementor-size-\">\n\t\t\t\t\t\tDescubra esta habitaci\u00f3n\t\t\t\t\t<\/span>\n\t\t\t\t\t<\/div>\n\t\t\t\t\t\t\t<\/div>\n\t\t\t\t\t\t<\/a>\n\t\t\t\t\t\t<\/div>\n\t\t\t\t<\/div>\n\t\t\t\t<\/div>\n\t\t<div class=\"elementor-element elementor-element-fb0b487 e-con-full e-flex e-con e-parent\" data-id=\"fb0b487\" data-element_type=\"container\">\n\t\t\t\t<div class=\"elementor-element elementor-element-55ecef0 elementor-cta--layout-image-right elementor-cta--mobile-layout-image-above elementor-cta--skin-classic elementor-animated-content elementor-bg-transform elementor-bg-transform-zoom-in elementor-widget elementor-widget-call-to-action\" data-id=\"55ecef0\" data-element_type=\"widget\" data-widget_type=\"call-to-action.default\">\n\t\t\t\t<div class=\"elementor-widget-container\">\n\t\t\t\t\t\t\t<a class=\"elementor-cta\" href=\"\/es\/nuestras-habitaciones\/habitacion-superior-plus\/\">\n\t\t\t\t\t<div class=\"elementor-cta__bg-wrapper\">\n\t\t\t\t<div class=\"elementor-cta__bg elementor-bg\" style=\"background-image: url(https:\/\/www.hotelburgevin.fr\/wp-content\/uploads\/2023\/04\/chambre-superieure-plus.jpg);\" role=\"img\" aria-label=\"chambre-superieure-plus\"><\/div>\n\t\t\t\t<div class=\"elementor-cta__bg-overlay\"><\/div>\n\t\t\t<\/div>\n\t\t\t\t\t\t\t<div class=\"elementor-cta__content\">\n\t\t\t\t\n\t\t\t\t\t\t\t\t\t<h2 class=\"elementor-cta__title elementor-cta__content-item elementor-content-item\">\n\t\t\t\t\t\tHabitaci\u00f3n Superior Plus\t\t\t\t\t<\/h2>\n\t\t\t\t\n\t\t\t\t\t\t\t\t\t<div class=\"elementor-cta__description elementor-cta__content-item elementor-content-item\">\n\t\t\t\t\t\t<p>La habitaci\u00f3n superior plus es perfecta para una escapada en pareja y ofrece m\u00e1s espacio. Est\u00e1 optimizado y equipado para clientes exigentes que desean m\u00e1s comodidad.<\/p>\n\t\t\t\t\t<\/div>\n\t\t\t\t\n\t\t\t\t\t\t\t\t\t<div class=\"elementor-cta__button-wrapper elementor-cta__content-item elementor-content-item \">\n\t\t\t\t\t<span class=\"elementor-cta__button elementor-button elementor-size-\">\n\t\t\t\t\t\tDescubra esta habitaci\u00f3n\t\t\t\t\t<\/span>\n\t\t\t\t\t<\/div>\n\t\t\t\t\t\t\t<\/div>\n\t\t\t\t\t\t<\/a>\n\t\t\t\t\t\t<\/div>\n\t\t\t\t<\/div>\n\t\t\t\t<\/div>\n\t\t<div class=\"elementor-element elementor-element-35b6d69 e-con-full e-flex e-con e-parent\" data-id=\"35b6d69\" data-element_type=\"container\">\n\t\t\t\t<div class=\"elementor-element elementor-element-b047e74 elementor-cta--layout-image-left elementor-cta--mobile-layout-image-above elementor-cta--skin-classic elementor-animated-content elementor-bg-transform elementor-bg-transform-zoom-in elementor-widget elementor-widget-call-to-action\" data-id=\"b047e74\" data-element_type=\"widget\" data-widget_type=\"call-to-action.default\">\n\t\t\t\t<div class=\"elementor-widget-container\">\n\t\t\t\t\t\t\t<a class=\"elementor-cta\" href=\"\/es\/nuestras-habitaciones\/la-suite-junior\/\">\n\t\t\t\t\t<div class=\"elementor-cta__bg-wrapper\">\n\t\t\t\t<div class=\"elementor-cta__bg elementor-bg\" style=\"background-image: url(https:\/\/www.hotelburgevin.fr\/wp-content\/uploads\/2023\/04\/junior-suite.jpg);\" role=\"img\" aria-label=\"junior-suite\"><\/div>\n\t\t\t\t<div class=\"elementor-cta__bg-overlay\"><\/div>\n\t\t\t<\/div>\n\t\t\t\t\t\t\t<div class=\"elementor-cta__content\">\n\t\t\t\t\n\t\t\t\t\t\t\t\t\t<h2 class=\"elementor-cta__title elementor-cta__content-item elementor-content-item\">\n\t\t\t\t\t\tJunior Suite\t\t\t\t\t<\/h2>\n\t\t\t\t\n\t\t\t\t\t\t\t\t\t<div class=\"elementor-cta__description elementor-cta__content-item elementor-content-item\">\n\t\t\t\t\t\t<p>Las 2 junior suites ofrecen amplios espacios con 2 sillones, un sof\u00e1 cama y una cama king-size, as\u00ed como un cuarto de ba\u00f1o privado.<\/p>\n\t\t\t\t\t<\/div>\n\t\t\t\t\n\t\t\t\t\t\t\t\t\t<div class=\"elementor-cta__button-wrapper elementor-cta__content-item elementor-content-item \">\n\t\t\t\t\t<span class=\"elementor-cta__button elementor-button elementor-size-\">\n\t\t\t\t\t\tDescubra esta habitaci\u00f3n\t\t\t\t\t<\/span>\n\t\t\t\t\t<\/div>\n\t\t\t\t\t\t\t<\/div>\n\t\t\t\t\t\t<\/a>\n\t\t\t\t\t\t<\/div>\n\t\t\t\t<\/div>\n\t\t\t\t<\/div>\n\t\t\t\t\t<\/div>\n\t\t\t\t<\/div>\n\t\t\t\t<\/div>\n\t\t","protected":false},"excerpt":{"rendered":"<p>Nuestras habitaciones &amp; suites Habitaci\u00f3n Est\u00e1ndar La habitaci\u00f3n est\u00e1ndar le proporcionar\u00e1 todo lo necesario para una c\u00f3moda estancia tur\u00edstica o de negocios, solo o con amigos. en Sully-sur-Loire. Descubra esta habitaci\u00f3n Habitaci\u00f3n Superior Con su cama doble, muy pr\u00e1ctica si viaja con dos personas o si necesita m\u00e1s espacio, la comodidad de la habitaci\u00f3n superior [&hellip;]<\/p>\n","protected":false},"author":1,"featured_media":0,"parent":0,"menu_order":0,"comment_status":"closed","ping_status":"closed","template":"elementor_header_footer","meta":{"_seopress_robots_primary_cat":"","_seopress_titles_title":"","_seopress_titles_desc":"","_seopress_robots_index":"","_seopress_analysis_target_kw":"","footnotes":""},"class_list":["post-7339","page","type-page","status-publish","hentry"],"_links":{"self":[{"href":"https:\/\/www.hotelburgevin.fr\/es\/wp-json\/wp\/v2\/pages\/7339","targetHints":{"allow":["GET"]}}],"collection":[{"href":"https:\/\/www.hotelburgevin.fr\/es\/wp-json\/wp\/v2\/pages"}],"about":[{"href":"https:\/\/www.hotelburgevin.fr\/es\/wp-json\/wp\/v2\/types\/page"}],"author":[{"embeddable":true,"href":"https:\/\/www.hotelburgevin.fr\/es\/wp-json\/wp\/v2\/users\/1"}],"replies":[{"embeddable":true,"href":"https:\/\/www.hotelburgevin.fr\/es\/wp-json\/wp\/v2\/comments?post=7339"}],"version-history":[{"count":7,"href":"https:\/\/www.hotelburgevin.fr\/es\/wp-json\/wp\/v2\/pages\/7339\/revisions"}],"predecessor-version":[{"id":8218,"href":"https:\/\/www.hotelburgevin.fr\/es\/wp-json\/wp\/v2\/pages\/7339\/revisions\/8218"}],"wp:attachment":[{"href":"https:\/\/www.hotelburgevin.fr\/es\/wp-json\/wp\/v2\/media?parent=7339"}],"curies":[{"name":"wp","href":"https:\/\/api.w.org\/{rel}","templated":true}]}}